{"id":222,"date":"2020-05-30T20:50:29","date_gmt":"2020-05-30T18:50:29","guid":{"rendered":"http:\/\/hofflohmarkt-groebenzell.de\/?page_id=222"},"modified":"2026-03-23T11:11:31","modified_gmt":"2026-03-23T09:11:31","slug":"agb-2","status":"publish","type":"page","link":"https:\/\/hofflohmarkt-groebenzell.de\/?page_id=222","title":{"rendered":"Hofflohmarktregeln"},"content":{"rendered":"\t\t<div data-elementor-type=\"wp-page\" data-elementor-id=\"222\" class=\"elementor elementor-222\">\n\t\t\t\t\t\t<section class=\"has_eae_slider elementor-section elementor-top-section elementor-element elementor-element-5f237c0c elementor-section-boxed elementor-section-height-default elementor-section-height-default\" data-id=\"5f237c0c\" data-element_type=\"section\">\n\t\t\t\t\t\t<div class=\"elementor-container elementor-column-gap-default\">\n\t\t\t\t\t<div class=\"has_eae_slider elementor-column elementor-col-100 elementor-top-column elementor-element elementor-element-4ed0ead2\" data-id=\"4ed0ead2\" data-element_type=\"column\">\n\t\t\t<div class=\"elementor-widget-wrap elementor-element-populated\">\n\t\t\t\t\t\t<div class=\"elementor-element elementor-element-7bfef330 elementor-widget elementor-widget-text-editor\" data-id=\"7bfef330\" data-element_type=\"widget\" data-widget_type=\"text-editor.default\">\n\t\t\t\t<div class=\"elementor-widget-container\">\n\t\t\t\t\t\t\t\t\t<h2>Hofflohmarktregeln<\/h2>\n<p><!-- \/wp:heading --><!-- wp:list --><\/p>\n<div>\u2013 Die n\u00e4chsten Hofflohm\u00e4rkte in Gr\u00f6benzell finden am <strong>10.05.2026<\/strong> im <strong>Norden<\/strong> statt, von 11:00 \u2013 17:00 Uhr.<\/div>\n<div>\u2013 Der Verkauf auf Gehwegen oder auf anderen \u00f6ffentlichen Fl\u00e4chen ist nicht erlaubt.<\/div>\n<div>\u2013 Der Verkauf von Lebensmitteln, insbesondere der Verkauf von Alkohol ist untersagt.<\/div>\n<div>\u2013 Verkauf nur von privat. Gewerbem\u00e4\u00dfiger Verkauf oder H\u00e4ndler sind nicht zugelassen.<\/div>\n<div>\u2013 Beim Abspielen von Musik in der \u00d6ffentlichkeit sind ggfs. GEMA Geb\u00fchren zu entrichten.<\/div>\n<div>\u2013 Es darf zu keiner Verkehrsbeeintr\u00e4chtigung, wie z. B. durch parkende Autos der Hofflohmarktbesucher, kommen.<\/div>\n<div>\u2013 Die Teilnehmer \u00fcbernehmen die komplette Verantwortung und Haftung f\u00fcr ihren Hofflohmarkt.<\/div>\n<div>\u2013 Der Veranstalter Vuk Latinovi\u0107 \u00fcbernimmt keine Haftung.<\/div>\n<div>\u2013 Die Hausverwaltung beziehungsweise die Eigent\u00fcmer m\u00fcssen einverstanden sein.<\/div>\n<div>\u2013 Mit der Zahlung der Teilnahmegeb\u00fchr von 15,- \u20ac inkl. 19% MwSt, sind Sie verbindlich angemeldet. Eine R\u00fcckerstattung ist nicht m\u00f6glich.<\/div>\n<div>\u2013 Teilnahmegeb\u00fchr gilt pro Hausnummer. Wie viele Teilnehmer dort verkaufen ist egal.<\/div>\n<div>\u2013 Eine Anmeldung bedeutet einen Punkt auf dem Hofflohmarktplan.<\/div>\n<div>\u2013 Der Hofflohmarkt findet bei jedem Wetter statt und wird nicht verschoben.<\/div>\n<div>\u2013 Als Hofflohmarktteilnehmer:in sind Sie damit einverstanden, dass Ihre Kontaktdaten gespeichert werden.<\/div>\n<div>\u2013 Der Anmeldeschluss f\u00fcr den gedrucktem Ortsplan-Flyer ist der <strong>25.04.2026.<\/strong>\u00a0Alle sp\u00e4teren Anmeldungen werden nur in einem Online-Ortsplan eingetragen.<\/div>\n<p><!-- \/wp:list --><\/p>\t\t\t\t\t\t\t\t<\/div>\n\t\t\t\t<\/div>\n\t\t\t\t\t<\/div>\n\t\t<\/div>\n\t\t\t\t\t<\/div>\n\t\t<\/section>\n\t\t\t\t<\/div>\n\t\t","protected":false},"excerpt":{"rendered":"<p>Hofflohmarktregeln \u2013 Die n\u00e4chsten Hofflohm\u00e4rkte in Gr\u00f6benzell finden am 10.05.2026 im Norden statt, von 11:00 \u2013 17:00 Uhr. \u2013 Der Verkauf auf Gehwegen oder auf anderen \u00f6ffentlichen Fl\u00e4chen ist nicht erlaubt. \u2013 Der Verkauf von Lebensmitteln, insbesondere der Verkauf von Alkohol ist untersagt. \u2013 Verkauf nur von privat. Gewerbem\u00e4\u00dfiger Verkauf [&hellip;]<\/p>\n","protected":false},"author":1,"featured_media":0,"parent":0,"menu_order":0,"comment_status":"closed","ping_status":"closed","template":"","meta":{"footnotes":""},"class_list":["post-222","page","type-page","status-publish","hentry"],"_links":{"self":[{"href":"https:\/\/hofflohmarkt-groebenzell.de\/index.php?rest_route=\/wp\/v2\/pages\/222","targetHints":{"allow":["GET"]}}],"collection":[{"href":"https:\/\/hofflohmarkt-groebenzell.de\/index.php?rest_route=\/wp\/v2\/pages"}],"about":[{"href":"https:\/\/hofflohmarkt-groebenzell.de\/index.php?rest_route=\/wp\/v2\/types\/page"}],"author":[{"embeddable":true,"href":"https:\/\/hofflohmarkt-groebenzell.de\/index.php?rest_route=\/wp\/v2\/users\/1"}],"replies":[{"embeddable":true,"href":"https:\/\/hofflohmarkt-groebenzell.de\/index.php?rest_route=%2Fwp%2Fv2%2Fcomments&post=222"}],"version-history":[{"count":43,"href":"https:\/\/hofflohmarkt-groebenzell.de\/index.php?rest_route=\/wp\/v2\/pages\/222\/revisions"}],"predecessor-version":[{"id":3299,"href":"https:\/\/hofflohmarkt-groebenzell.de\/index.php?rest_route=\/wp\/v2\/pages\/222\/revisions\/3299"}],"wp:attachment":[{"href":"https:\/\/hofflohmarkt-groebenzell.de\/index.php?rest_route=%2Fwp%2Fv2%2Fmedia&parent=222"}],"curies":[{"name":"wp","href":"https:\/\/api.w.org\/{rel}","templated":true}]}}